{"id":5405,"date":"2023-05-01T23:27:41","date_gmt":"2023-05-02T02:27:41","guid":{"rendered":"https:\/\/syscomrs.com.br\/site\/?page_id=5405"},"modified":"2023-05-02T01:15:45","modified_gmt":"2023-05-02T04:15:45","slug":"redes","status":"publish","type":"page","link":"https:\/\/syscomrs.com.br\/site\/servicos\/redes\/","title":{"rendered":"Redes"},"content":{"rendered":"\t\t<div data-elementor-type=\"wp-page\" data-elementor-id=\"5405\" class=\"elementor elementor-5405\">\n\t\t\t\t\t\t\t\t\t<section class=\"elementor-section elementor-top-section elementor-element elementor-element-11b2c91 elementor-section-height-min-height ot-traditional elementor-section-boxed elementor-section-height-default elementor-section-items-middle\" data-id=\"11b2c91\" data-element_type=\"section\" data-settings=\"{&quot;background_background&quot;:&quot;gradient&quot;}\">\n\t\t\t\t\t\t<div class=\"elementor-container elementor-column-gap-default\">\n\t\t\t\t\t<div class=\"elementor-column elementor-col-100 elementor-top-column elementor-element elementor-element-0ff11de ot-flex-column-vertical\" data-id=\"0ff11de\" data-element_type=\"column\">\n\t\t\t<div class=\"elementor-widget-wrap\">\n\t\t\t\t\t\t\t\t\t<\/div>\n\t\t<\/div>\n\t\t\t\t\t\t\t<\/div>\n\t\t<\/section>\n\t\t\t\t<section class=\"elementor-section elementor-top-section elementor-element elementor-element-245ed83 elementor-section-height-min-height ot-traditional elementor-section-boxed elementor-section-height-default elementor-section-items-middle\" data-id=\"245ed83\" data-element_type=\"section\" data-settings=\"{&quot;background_background&quot;:&quot;classic&quot;}\">\n\t\t\t\t\t\t<div class=\"elementor-container elementor-column-gap-default\">\n\t\t\t\t\t<div class=\"elementor-column elementor-col-100 elementor-top-column elementor-element elementor-element-5210b50 ot-flex-column-vertical\" data-id=\"5210b50\" data-element_type=\"column\">\n\t\t\t<div class=\"elementor-widget-wrap elementor-element-populated\">\n\t\t\t\t\t\t\t\t<div class=\"elementor-element elementor-element-bc20faa elementor-widget elementor-widget-text-editor\" data-id=\"bc20faa\" data-element_type=\"widget\" data-widget_type=\"text-editor.default\">\n\t\t\t\t<div class=\"elementor-widget-container\">\n\t\t\t<style>\/*! elementor - v3.12.2 - 23-04-2023 *\/\n.elementor-widget-text-editor.elementor-drop-cap-view-stacked .elementor-drop-cap{background-color:#69727d;color:#fff}.elementor-widget-text-editor.elementor-drop-cap-view-framed .elementor-drop-cap{color:#69727d;border:3px solid;background-color:transparent}.elementor-widget-text-editor:not(.elementor-drop-cap-view-default) .elementor-drop-cap{margin-top:8px}.elementor-widget-text-editor:not(.elementor-drop-cap-view-default) .elementor-drop-cap-letter{width:1em;height:1em}.elementor-widget-text-editor .elementor-drop-cap{float:left;text-align:center;line-height:1;font-size:50px}.elementor-widget-text-editor .elementor-drop-cap-letter{display:inline-block}<\/style>\t\t\t\t<p>P\u00e1gina Inicial\u00a0 \u00a0&gt;\u00a0 \u00a0Servi\u00e7os\u00a0 \u00a0&gt;\u00a0 \u00a0Redes<\/p>\t\t\t\t\t\t<\/div>\n\t\t\t\t<\/div>\n\t\t\t\t\t<\/div>\n\t\t<\/div>\n\t\t\t\t\t\t\t<\/div>\n\t\t<\/section>\n\t\t\t\t<section class=\"elementor-section elementor-top-section elementor-element elementor-element-a1f5078 ot-traditional elementor-section-boxed elementor-section-height-default elementor-section-height-default\" data-id=\"a1f5078\" data-element_type=\"section\">\n\t\t\t\t\t\t<div class=\"elementor-container elementor-column-gap-default\">\n\t\t\t\t\t<div class=\"elementor-column elementor-col-100 elementor-top-column elementor-element elementor-element-d32db9e ot-flex-column-vertical\" data-id=\"d32db9e\" data-element_type=\"column\">\n\t\t\t<div class=\"elementor-widget-wrap elementor-element-populated\">\n\t\t\t\t\t\t\t\t<section class=\"elementor-section elementor-inner-section elementor-element elementor-element-ff7fbb1 ot-traditional elementor-section-boxed elementor-section-height-default elementor-section-height-default\" data-id=\"ff7fbb1\" data-element_type=\"section\">\n\t\t\t\t\t\t<div class=\"elementor-container elementor-column-gap-default\">\n\t\t\t\t\t<div class=\"elementor-column elementor-col-100 elementor-inner-column elementor-element elementor-element-ffdefda ot-flex-column-vertical\" data-id=\"ffdefda\" data-element_type=\"column\">\n\t\t\t<div class=\"elementor-widget-wrap elementor-element-populated\">\n\t\t\t\t\t\t\t\t<div class=\"elementor-element elementor-element-66b7b8c elementor-widget elementor-widget-heading\" data-id=\"66b7b8c\" data-element_type=\"widget\" data-widget_type=\"heading.default\">\n\t\t\t\t<div class=\"elementor-widget-container\">\n\t\t\t<style>\/*! elementor - v3.12.2 - 23-04-2023 *\/\n.elementor-heading-title{padding:0;margin:0;line-height:1}.elementor-widget-heading .elementor-heading-title[class*=elementor-size-]>a{color:inherit;font-size:inherit;line-height:inherit}.elementor-widget-heading .elementor-heading-title.elementor-size-small{font-size:15px}.elementor-widget-heading .elementor-heading-title.elementor-size-medium{font-size:19px}.elementor-widget-heading .elementor-heading-title.elementor-size-large{font-size:29px}.elementor-widget-heading .elementor-heading-title.elementor-size-xl{font-size:39px}.elementor-widget-heading .elementor-heading-title.elementor-size-xxl{font-size:59px}<\/style><h2 class=\"elementor-heading-title elementor-size-default\">Redes<\/h2>\t\t<\/div>\n\t\t\t\t<\/div>\n\t\t\t\t<div class=\"elementor-element elementor-element-9b93980 elementor-widget elementor-widget-text-editor\" data-id=\"9b93980\" data-element_type=\"widget\" data-widget_type=\"text-editor.default\">\n\t\t\t\t<div class=\"elementor-widget-container\">\n\t\t\t\t\t\t\t<h3 class=\"boc_heading bgr_single \"><span style=\"color: var( --e-global-color-text ); font-family: 'Nunito Sans', sans-serif; font-weight: var( --e-global-typography-text-font-weight ); font-size: 16px;\">Trabalhamos com as principais marcas do mercado de equipamentos desenvolvidos para redes dom\u00e9sticas e empresariais, atendendo pequenas, m\u00e9dias e grandes empresas.<br \/>Fornecemos solu\u00e7\u00f5es com e sem fio de acordo com a infraestrutura e necessidade de cada projeto.<br \/>Al\u00e9m de vendermos todos os equipamentos e materiais necess\u00e1rios para criar um ambiente de redes, como racks, patch panel, switch, roteadores, conversores de m\u00eddia, fibra e cabeamento estruturado, tamb\u00e9m locamos para clientes que necessitem de uma rede tempor\u00e1ria como filmagem, eventos, grava\u00e7\u00f5es e showrooms.<br \/>Elaboramos projetos, instalamos e configuramos sua rede de acordo com sua necessidade.<br \/>Atendemos diversos empreendimentos comerciais e residenciais atrav\u00e9s de contratos de manuten\u00e7\u00f5es preventivas e corretivas do sistema.<\/span><\/h3>\t\t\t\t\t\t<\/div>\n\t\t\t\t<\/div>\n\t\t\t\t\t<\/div>\n\t\t<\/div>\n\t\t\t\t\t\t\t<\/div>\n\t\t<\/section>\n\t\t\t\t<section class=\"elementor-section elementor-inner-section elementor-element elementor-element-acdd0c2 ot-traditional elementor-section-boxed elementor-section-height-default elementor-section-height-default\" data-id=\"acdd0c2\" data-element_type=\"section\">\n\t\t\t\t\t\t<div class=\"elementor-container elementor-column-gap-default\">\n\t\t\t\t\t<div class=\"elementor-column elementor-col-20 elementor-inner-column elementor-element elementor-element-5df86f2 ot-flex-column-vertical\" data-id=\"5df86f2\" data-element_type=\"column\">\n\t\t\t<div class=\"elementor-widget-wrap elementor-element-populated\">\n\t\t\t\t\t\t\t\t<div class=\"elementor-element elementor-element-85882b3 elementor-widget elementor-widget-image\" data-id=\"85882b3\" data-element_type=\"widget\" data-widget_type=\"image.default\">\n\t\t\t\t<div class=\"elementor-widget-container\">\n\t\t\t<style>\/*! elementor - v3.12.2 - 23-04-2023 *\/\n.elementor-widget-image{text-align:center}.elementor-widget-image a{display:inline-block}.elementor-widget-image a img[src$=\".svg\"]{width:48px}.elementor-widget-image img{vertical-align:middle;display:inline-block}<\/style>\t\t\t\t\t\t\t\t\t\t\t\t<img loading=\"lazy\" decoding=\"async\" width=\"300\" height=\"200\" src=\"https:\/\/syscomrs.com.br\/site\/wp-content\/uploads\/2023\/05\/23-300x200-1.png\" class=\"attachment-large size-large wp-image-5411\" alt=\"\" \/>\t\t\t\t\t\t\t\t\t\t\t\t\t\t\t<\/div>\n\t\t\t\t<\/div>\n\t\t\t\t\t<\/div>\n\t\t<\/div>\n\t\t\t\t<div class=\"elementor-column elementor-col-20 elementor-inner-column elementor-element elementor-element-98e6b97 ot-flex-column-vertical\" data-id=\"98e6b97\" data-element_type=\"column\">\n\t\t\t<div class=\"elementor-widget-wrap elementor-element-populated\">\n\t\t\t\t\t\t\t\t<div class=\"elementor-element elementor-element-3e02988 elementor-widget elementor-widget-image\" data-id=\"3e02988\" data-element_type=\"widget\" data-widget_type=\"image.default\">\n\t\t\t\t<div class=\"elementor-widget-container\">\n\t\t\t\t\t\t\t\t\t\t\t\t\t\t\t<img loading=\"lazy\" decoding=\"async\" width=\"300\" height=\"200\" src=\"https:\/\/syscomrs.com.br\/site\/wp-content\/uploads\/2023\/05\/02-5-300x200-2.png\" class=\"attachment-large size-large wp-image-5408\" alt=\"\" \/>\t\t\t\t\t\t\t\t\t\t\t\t\t\t\t<\/div>\n\t\t\t\t<\/div>\n\t\t\t\t\t<\/div>\n\t\t<\/div>\n\t\t\t\t<div class=\"elementor-column elementor-col-20 elementor-inner-column elementor-element elementor-element-b4c905e ot-flex-column-vertical\" data-id=\"b4c905e\" data-element_type=\"column\">\n\t\t\t<div class=\"elementor-widget-wrap elementor-element-populated\">\n\t\t\t\t\t\t\t\t<div class=\"elementor-element elementor-element-b692c1a elementor-widget elementor-widget-image\" data-id=\"b692c1a\" data-element_type=\"widget\" data-widget_type=\"image.default\">\n\t\t\t\t<div class=\"elementor-widget-container\">\n\t\t\t\t\t\t\t\t\t\t\t\t\t\t\t<img loading=\"lazy\" decoding=\"async\" width=\"300\" height=\"200\" src=\"https:\/\/syscomrs.com.br\/site\/wp-content\/uploads\/2023\/05\/22-300x200-1.png\" class=\"attachment-large size-large wp-image-5410\" alt=\"\" \/>\t\t\t\t\t\t\t\t\t\t\t\t\t\t\t<\/div>\n\t\t\t\t<\/div>\n\t\t\t\t\t<\/div>\n\t\t<\/div>\n\t\t\t\t<div class=\"elementor-column elementor-col-20 elementor-inner-column elementor-element elementor-element-fc169e4 ot-flex-column-vertical\" data-id=\"fc169e4\" data-element_type=\"column\">\n\t\t\t<div class=\"elementor-widget-wrap elementor-element-populated\">\n\t\t\t\t\t\t\t\t<div class=\"elementor-element elementor-element-ae8893b elementor-widget elementor-widget-image\" data-id=\"ae8893b\" data-element_type=\"widget\" data-widget_type=\"image.default\">\n\t\t\t\t<div class=\"elementor-widget-container\">\n\t\t\t\t\t\t\t\t\t\t\t\t\t\t\t<img loading=\"lazy\" decoding=\"async\" width=\"300\" height=\"200\" src=\"https:\/\/syscomrs.com.br\/site\/wp-content\/uploads\/2023\/05\/21-300x200-1.png\" class=\"attachment-large size-large wp-image-5409\" alt=\"\" \/>\t\t\t\t\t\t\t\t\t\t\t\t\t\t\t<\/div>\n\t\t\t\t<\/div>\n\t\t\t\t\t<\/div>\n\t\t<\/div>\n\t\t\t\t<div class=\"elementor-column elementor-col-20 elementor-inner-column elementor-element elementor-element-d15735d ot-flex-column-vertical\" data-id=\"d15735d\" data-element_type=\"column\">\n\t\t\t<div class=\"elementor-widget-wrap elementor-element-populated\">\n\t\t\t\t\t\t\t\t<div class=\"elementor-element elementor-element-cb40857 elementor-widget elementor-widget-image\" data-id=\"cb40857\" data-element_type=\"widget\" data-widget_type=\"image.default\">\n\t\t\t\t<div class=\"elementor-widget-container\">\n\t\t\t\t\t\t\t\t\t\t\t\t\t\t\t<img loading=\"lazy\" decoding=\"async\" width=\"300\" height=\"200\" src=\"https:\/\/syscomrs.com.br\/site\/wp-content\/uploads\/2023\/05\/01-7-300x200-6.png\" class=\"attachment-large size-large wp-image-5407\" alt=\"\" \/>\t\t\t\t\t\t\t\t\t\t\t\t\t\t\t<\/div>\n\t\t\t\t<\/div>\n\t\t\t\t\t<\/div>\n\t\t<\/div>\n\t\t\t\t\t\t\t<\/div>\n\t\t<\/section>\n\t\t\t\t\t<\/div>\n\t\t<\/div>\n\t\t\t\t\t\t\t<\/div>\n\t\t<\/section>\n\t\t\t\t\t\t\t<\/div>\n\t\t","protected":false},"excerpt":{"rendered":"<p>P\u00e1gina Inicial\u00a0 \u00a0&gt;\u00a0 \u00a0Servi\u00e7os\u00a0 \u00a0&gt;\u00a0 \u00a0Redes Redes Trabalhamos com as principais marcas do mercado de equipamentos desenvolvidos para redes dom\u00e9sticas e empresariais, atendendo pequenas, m\u00e9dias e grandes empresas.Fornecemos solu\u00e7\u00f5es com e sem fio de acordo com a infraestrutura e necessidade de cada projeto.Al\u00e9m de vendermos todos os equipamentos e materiais necess\u00e1rios para criar um ambiente [&hellip;]<\/p>\n","protected":false},"author":1,"featured_media":0,"parent":5237,"menu_order":0,"comment_status":"closed","ping_status":"closed","template":"","meta":{"footnotes":""},"class_list":["post-5405","page","type-page","status-publish","hentry"],"_links":{"self":[{"href":"https:\/\/syscomrs.com.br\/site\/wp-json\/wp\/v2\/pages\/5405","targetHints":{"allow":["GET"]}}],"collection":[{"href":"https:\/\/syscomrs.com.br\/site\/wp-json\/wp\/v2\/pages"}],"about":[{"href":"https:\/\/syscomrs.com.br\/site\/wp-json\/wp\/v2\/types\/page"}],"author":[{"embeddable":true,"href":"https:\/\/syscomrs.com.br\/site\/wp-json\/wp\/v2\/users\/1"}],"replies":[{"embeddable":true,"href":"https:\/\/syscomrs.com.br\/site\/wp-json\/wp\/v2\/comments?post=5405"}],"version-history":[{"count":7,"href":"https:\/\/syscomrs.com.br\/site\/wp-json\/wp\/v2\/pages\/5405\/revisions"}],"predecessor-version":[{"id":5509,"href":"https:\/\/syscomrs.com.br\/site\/wp-json\/wp\/v2\/pages\/5405\/revisions\/5509"}],"up":[{"embeddable":true,"href":"https:\/\/syscomrs.com.br\/site\/wp-json\/wp\/v2\/pages\/5237"}],"wp:attachment":[{"href":"https:\/\/syscomrs.com.br\/site\/wp-json\/wp\/v2\/media?parent=5405"}],"curies":[{"name":"wp","href":"https:\/\/api.w.org\/{rel}","templated":true}]}}