{"id":5385,"date":"2023-05-01T23:11:08","date_gmt":"2023-05-02T02:11:08","guid":{"rendered":"https:\/\/syscomrs.com.br\/site\/?page_id=5385"},"modified":"2023-05-02T01:11:49","modified_gmt":"2023-05-02T04:11:49","slug":"informatica","status":"publish","type":"page","link":"https:\/\/syscomrs.com.br\/site\/servicos\/informatica\/","title":{"rendered":"Inform\u00e1tica"},"content":{"rendered":"\t\t<div data-elementor-type=\"wp-page\" data-elementor-id=\"5385\" class=\"elementor elementor-5385\">\n\t\t\t\t\t\t\t\t\t<section class=\"elementor-section elementor-top-section elementor-element elementor-element-11b2c91 elementor-section-height-min-height ot-traditional elementor-section-boxed elementor-section-height-default elementor-section-items-middle\" data-id=\"11b2c91\" data-element_type=\"section\" data-settings=\"{&quot;background_background&quot;:&quot;gradient&quot;}\">\n\t\t\t\t\t\t<div class=\"elementor-container elementor-column-gap-default\">\n\t\t\t\t\t<div class=\"elementor-column elementor-col-100 elementor-top-column elementor-element elementor-element-0ff11de ot-flex-column-vertical\" data-id=\"0ff11de\" data-element_type=\"column\">\n\t\t\t<div class=\"elementor-widget-wrap\">\n\t\t\t\t\t\t\t\t\t<\/div>\n\t\t<\/div>\n\t\t\t\t\t\t\t<\/div>\n\t\t<\/section>\n\t\t\t\t<section class=\"elementor-section elementor-top-section elementor-element elementor-element-245ed83 elementor-section-height-min-height ot-traditional elementor-section-boxed elementor-section-height-default elementor-section-items-middle\" data-id=\"245ed83\" data-element_type=\"section\" data-settings=\"{&quot;background_background&quot;:&quot;classic&quot;}\">\n\t\t\t\t\t\t<div class=\"elementor-container elementor-column-gap-default\">\n\t\t\t\t\t<div class=\"elementor-column elementor-col-100 elementor-top-column elementor-element elementor-element-5210b50 ot-flex-column-vertical\" data-id=\"5210b50\" data-element_type=\"column\">\n\t\t\t<div class=\"elementor-widget-wrap elementor-element-populated\">\n\t\t\t\t\t\t\t\t<div class=\"elementor-element elementor-element-bc20faa elementor-widget elementor-widget-text-editor\" data-id=\"bc20faa\" data-element_type=\"widget\" data-widget_type=\"text-editor.default\">\n\t\t\t\t<div class=\"elementor-widget-container\">\n\t\t\t<style>\/*! elementor - v3.12.2 - 23-04-2023 *\/\n.elementor-widget-text-editor.elementor-drop-cap-view-stacked .elementor-drop-cap{background-color:#69727d;color:#fff}.elementor-widget-text-editor.elementor-drop-cap-view-framed .elementor-drop-cap{color:#69727d;border:3px solid;background-color:transparent}.elementor-widget-text-editor:not(.elementor-drop-cap-view-default) .elementor-drop-cap{margin-top:8px}.elementor-widget-text-editor:not(.elementor-drop-cap-view-default) .elementor-drop-cap-letter{width:1em;height:1em}.elementor-widget-text-editor .elementor-drop-cap{float:left;text-align:center;line-height:1;font-size:50px}.elementor-widget-text-editor .elementor-drop-cap-letter{display:inline-block}<\/style>\t\t\t\t<p>P\u00e1gina Inicial\u00a0 \u00a0&gt;\u00a0 \u00a0Servi\u00e7os\u00a0 \u00a0&gt;\u00a0 \u00a0Inform\u00e1tica<\/p>\t\t\t\t\t\t<\/div>\n\t\t\t\t<\/div>\n\t\t\t\t\t<\/div>\n\t\t<\/div>\n\t\t\t\t\t\t\t<\/div>\n\t\t<\/section>\n\t\t\t\t<section class=\"elementor-section elementor-top-section elementor-element elementor-element-a1f5078 ot-traditional elementor-section-boxed elementor-section-height-default elementor-section-height-default\" data-id=\"a1f5078\" data-element_type=\"section\">\n\t\t\t\t\t\t<div class=\"elementor-container elementor-column-gap-default\">\n\t\t\t\t\t<div class=\"elementor-column elementor-col-100 elementor-top-column elementor-element elementor-element-d32db9e ot-flex-column-vertical\" data-id=\"d32db9e\" data-element_type=\"column\">\n\t\t\t<div class=\"elementor-widget-wrap elementor-element-populated\">\n\t\t\t\t\t\t\t\t<section class=\"elementor-section elementor-inner-section elementor-element elementor-element-ff7fbb1 ot-traditional elementor-section-boxed elementor-section-height-default elementor-section-height-default\" data-id=\"ff7fbb1\" data-element_type=\"section\">\n\t\t\t\t\t\t<div class=\"elementor-container elementor-column-gap-default\">\n\t\t\t\t\t<div class=\"elementor-column elementor-col-100 elementor-inner-column elementor-element elementor-element-ffdefda ot-flex-column-vertical\" data-id=\"ffdefda\" data-element_type=\"column\">\n\t\t\t<div class=\"elementor-widget-wrap elementor-element-populated\">\n\t\t\t\t\t\t\t\t<div class=\"elementor-element elementor-element-66b7b8c elementor-widget elementor-widget-heading\" data-id=\"66b7b8c\" data-element_type=\"widget\" data-widget_type=\"heading.default\">\n\t\t\t\t<div class=\"elementor-widget-container\">\n\t\t\t<style>\/*! elementor - v3.12.2 - 23-04-2023 *\/\n.elementor-heading-title{padding:0;margin:0;line-height:1}.elementor-widget-heading .elementor-heading-title[class*=elementor-size-]>a{color:inherit;font-size:inherit;line-height:inherit}.elementor-widget-heading .elementor-heading-title.elementor-size-small{font-size:15px}.elementor-widget-heading .elementor-heading-title.elementor-size-medium{font-size:19px}.elementor-widget-heading .elementor-heading-title.elementor-size-large{font-size:29px}.elementor-widget-heading .elementor-heading-title.elementor-size-xl{font-size:39px}.elementor-widget-heading .elementor-heading-title.elementor-size-xxl{font-size:59px}<\/style><h2 class=\"elementor-heading-title elementor-size-default\">Inform\u00e1tica<\/h2>\t\t<\/div>\n\t\t\t\t<\/div>\n\t\t\t\t<div class=\"elementor-element elementor-element-9b93980 elementor-widget elementor-widget-text-editor\" data-id=\"9b93980\" data-element_type=\"widget\" data-widget_type=\"text-editor.default\">\n\t\t\t\t<div class=\"elementor-widget-container\">\n\t\t\t\t\t\t\t<h3 class=\"boc_heading bgr_single \"><span style=\"color: var( --e-global-color-text ); font-family: 'Nunito Sans', sans-serif; font-weight: var( --e-global-typography-text-font-weight ); font-size: 16px;\">Trabalhamos com os principais fabricantes de hardwares e desenvolvedores de softwares para atender diversos segmentos como engenharia, arquitetura, empresas de pequeno, m\u00e9dio e grande porte.<br \/>Comercializamos toda a linha de equipamentos e pe\u00e7as que envolvem a montagem, manuten\u00e7\u00e3o e upgrade de sua m\u00e1quina como: placa m\u00e3e, processador, HD, SSD, mem\u00f3ria, gabinete, monitor, teclado, mouse, HD externo e caixas de som para PC.<br \/>Vendemos, locamos e montamos sua m\u00e1quina conforme sua necessidade.<br \/>Prestamos servi\u00e7os de configura\u00e7\u00e3o e formata\u00e7\u00e3o de servidores, notebooks e esta\u00e7\u00f5es de trabalho, al\u00e9m de realizarmos backup de dados e instala\u00e7\u00e3o de softwares.<\/span><\/h3>\t\t\t\t\t\t<\/div>\n\t\t\t\t<\/div>\n\t\t\t\t\t<\/div>\n\t\t<\/div>\n\t\t\t\t\t\t\t<\/div>\n\t\t<\/section>\n\t\t\t\t<section class=\"elementor-section elementor-inner-section elementor-element elementor-element-acdd0c2 ot-traditional elementor-section-boxed elementor-section-height-default elementor-section-height-default\" data-id=\"acdd0c2\" data-element_type=\"section\">\n\t\t\t\t\t\t<div class=\"elementor-container elementor-column-gap-default\">\n\t\t\t\t\t<div class=\"elementor-column elementor-col-20 elementor-inner-column elementor-element elementor-element-5df86f2 ot-flex-column-vertical\" data-id=\"5df86f2\" data-element_type=\"column\">\n\t\t\t<div class=\"elementor-widget-wrap elementor-element-populated\">\n\t\t\t\t\t\t\t\t<div class=\"elementor-element elementor-element-85882b3 elementor-widget elementor-widget-image\" data-id=\"85882b3\" data-element_type=\"widget\" data-widget_type=\"image.default\">\n\t\t\t\t<div class=\"elementor-widget-container\">\n\t\t\t<style>\/*! elementor - v3.12.2 - 23-04-2023 *\/\n.elementor-widget-image{text-align:center}.elementor-widget-image a{display:inline-block}.elementor-widget-image a img[src$=\".svg\"]{width:48px}.elementor-widget-image img{vertical-align:middle;display:inline-block}<\/style>\t\t\t\t\t\t\t\t\t\t\t\t<img loading=\"lazy\" decoding=\"async\" width=\"300\" height=\"200\" src=\"https:\/\/syscomrs.com.br\/site\/wp-content\/uploads\/2023\/05\/20-300x200-1.png\" class=\"attachment-large size-large wp-image-5391\" alt=\"\" \/>\t\t\t\t\t\t\t\t\t\t\t\t\t\t\t<\/div>\n\t\t\t\t<\/div>\n\t\t\t\t\t<\/div>\n\t\t<\/div>\n\t\t\t\t<div class=\"elementor-column elementor-col-20 elementor-inner-column elementor-element elementor-element-98e6b97 ot-flex-column-vertical\" data-id=\"98e6b97\" data-element_type=\"column\">\n\t\t\t<div class=\"elementor-widget-wrap elementor-element-populated\">\n\t\t\t\t\t\t\t\t<div class=\"elementor-element elementor-element-b692c1a elementor-widget elementor-widget-image\" data-id=\"b692c1a\" data-element_type=\"widget\" data-widget_type=\"image.default\">\n\t\t\t\t<div class=\"elementor-widget-container\">\n\t\t\t\t\t\t\t\t\t\t\t\t\t\t\t<img loading=\"lazy\" decoding=\"async\" width=\"300\" height=\"200\" src=\"https:\/\/syscomrs.com.br\/site\/wp-content\/uploads\/2023\/05\/19-300x200-1.png\" class=\"attachment-large size-large wp-image-5390\" alt=\"\" \/>\t\t\t\t\t\t\t\t\t\t\t\t\t\t\t<\/div>\n\t\t\t\t<\/div>\n\t\t\t\t\t<\/div>\n\t\t<\/div>\n\t\t\t\t<div class=\"elementor-column elementor-col-20 elementor-inner-column elementor-element elementor-element-b4c905e ot-flex-column-vertical\" data-id=\"b4c905e\" data-element_type=\"column\">\n\t\t\t<div class=\"elementor-widget-wrap elementor-element-populated\">\n\t\t\t\t\t\t\t\t<div class=\"elementor-element elementor-element-ae8893b elementor-widget elementor-widget-image\" data-id=\"ae8893b\" data-element_type=\"widget\" data-widget_type=\"image.default\">\n\t\t\t\t<div class=\"elementor-widget-container\">\n\t\t\t\t\t\t\t\t\t\t\t\t\t\t\t<img loading=\"lazy\" decoding=\"async\" width=\"300\" height=\"200\" src=\"https:\/\/syscomrs.com.br\/site\/wp-content\/uploads\/2023\/05\/18-300x200-1.png\" class=\"attachment-large size-large wp-image-5389\" alt=\"\" \/>\t\t\t\t\t\t\t\t\t\t\t\t\t\t\t<\/div>\n\t\t\t\t<\/div>\n\t\t\t\t\t<\/div>\n\t\t<\/div>\n\t\t\t\t<div class=\"elementor-column elementor-col-20 elementor-inner-column elementor-element elementor-element-fc169e4 ot-flex-column-vertical\" data-id=\"fc169e4\" data-element_type=\"column\">\n\t\t\t<div class=\"elementor-widget-wrap elementor-element-populated\">\n\t\t\t\t\t\t\t\t<div class=\"elementor-element elementor-element-3e02988 elementor-widget elementor-widget-image\" data-id=\"3e02988\" data-element_type=\"widget\" data-widget_type=\"image.default\">\n\t\t\t\t<div class=\"elementor-widget-container\">\n\t\t\t\t\t\t\t\t\t\t\t\t\t\t\t<img loading=\"lazy\" decoding=\"async\" width=\"300\" height=\"200\" src=\"https:\/\/syscomrs.com.br\/site\/wp-content\/uploads\/2023\/05\/17-300x200-1.png\" class=\"attachment-large size-large wp-image-5388\" alt=\"\" \/>\t\t\t\t\t\t\t\t\t\t\t\t\t\t\t<\/div>\n\t\t\t\t<\/div>\n\t\t\t\t\t<\/div>\n\t\t<\/div>\n\t\t\t\t<div class=\"elementor-column elementor-col-20 elementor-inner-column elementor-element elementor-element-d15735d ot-flex-column-vertical\" data-id=\"d15735d\" data-element_type=\"column\">\n\t\t\t<div class=\"elementor-widget-wrap elementor-element-populated\">\n\t\t\t\t\t\t\t\t<div class=\"elementor-element elementor-element-cb40857 elementor-widget elementor-widget-image\" data-id=\"cb40857\" data-element_type=\"widget\" data-widget_type=\"image.default\">\n\t\t\t\t<div class=\"elementor-widget-container\">\n\t\t\t\t\t\t\t\t\t\t\t\t\t\t\t<img loading=\"lazy\" decoding=\"async\" width=\"300\" height=\"200\" src=\"https:\/\/syscomrs.com.br\/site\/wp-content\/uploads\/2023\/05\/16-300x200-1.png\" class=\"attachment-large size-large wp-image-5387\" alt=\"\" \/>\t\t\t\t\t\t\t\t\t\t\t\t\t\t\t<\/div>\n\t\t\t\t<\/div>\n\t\t\t\t\t<\/div>\n\t\t<\/div>\n\t\t\t\t\t\t\t<\/div>\n\t\t<\/section>\n\t\t\t\t\t<\/div>\n\t\t<\/div>\n\t\t\t\t\t\t\t<\/div>\n\t\t<\/section>\n\t\t\t\t\t\t\t<\/div>\n\t\t","protected":false},"excerpt":{"rendered":"<p>P\u00e1gina Inicial\u00a0 \u00a0&gt;\u00a0 \u00a0Servi\u00e7os\u00a0 \u00a0&gt;\u00a0 \u00a0Inform\u00e1tica Inform\u00e1tica Trabalhamos com os principais fabricantes de hardwares e desenvolvedores de softwares para atender diversos segmentos como engenharia, arquitetura, empresas de pequeno, m\u00e9dio e grande porte.Comercializamos toda a linha de equipamentos e pe\u00e7as que envolvem a montagem, manuten\u00e7\u00e3o e upgrade de sua m\u00e1quina como: placa m\u00e3e, processador, HD, SSD, [&hellip;]<\/p>\n","protected":false},"author":1,"featured_media":0,"parent":5237,"menu_order":0,"comment_status":"closed","ping_status":"closed","template":"","meta":{"footnotes":""},"class_list":["post-5385","page","type-page","status-publish","hentry"],"_links":{"self":[{"href":"https:\/\/syscomrs.com.br\/site\/wp-json\/wp\/v2\/pages\/5385","targetHints":{"allow":["GET"]}}],"collection":[{"href":"https:\/\/syscomrs.com.br\/site\/wp-json\/wp\/v2\/pages"}],"about":[{"href":"https:\/\/syscomrs.com.br\/site\/wp-json\/wp\/v2\/types\/page"}],"author":[{"embeddable":true,"href":"https:\/\/syscomrs.com.br\/site\/wp-json\/wp\/v2\/users\/1"}],"replies":[{"embeddable":true,"href":"https:\/\/syscomrs.com.br\/site\/wp-json\/wp\/v2\/comments?post=5385"}],"version-history":[{"count":7,"href":"https:\/\/syscomrs.com.br\/site\/wp-json\/wp\/v2\/pages\/5385\/revisions"}],"predecessor-version":[{"id":5500,"href":"https:\/\/syscomrs.com.br\/site\/wp-json\/wp\/v2\/pages\/5385\/revisions\/5500"}],"up":[{"embeddable":true,"href":"https:\/\/syscomrs.com.br\/site\/wp-json\/wp\/v2\/pages\/5237"}],"wp:attachment":[{"href":"https:\/\/syscomrs.com.br\/site\/wp-json\/wp\/v2\/media?parent=5385"}],"curies":[{"name":"wp","href":"https:\/\/api.w.org\/{rel}","templated":true}]}}