{"id":5310,"date":"2023-05-01T21:18:38","date_gmt":"2023-05-02T00:18:38","guid":{"rendered":"https:\/\/syscomrs.com.br\/site\/?page_id=5310"},"modified":"2023-05-02T01:10:31","modified_gmt":"2023-05-02T04:10:31","slug":"controle-de-acesso","status":"publish","type":"page","link":"https:\/\/syscomrs.com.br\/site\/servicos\/controle-de-acesso\/","title":{"rendered":"Controle de Acesso"},"content":{"rendered":"\t\t<div data-elementor-type=\"wp-page\" data-elementor-id=\"5310\" class=\"elementor elementor-5310\">\n\t\t\t\t\t\t\t\t\t<section class=\"elementor-section elementor-top-section elementor-element elementor-element-11b2c91 elementor-section-height-min-height ot-traditional elementor-section-boxed elementor-section-height-default elementor-section-items-middle\" data-id=\"11b2c91\" data-element_type=\"section\" data-settings=\"{&quot;background_background&quot;:&quot;gradient&quot;}\">\n\t\t\t\t\t\t<div class=\"elementor-container elementor-column-gap-default\">\n\t\t\t\t\t<div class=\"elementor-column elementor-col-100 elementor-top-column elementor-element elementor-element-0ff11de ot-flex-column-vertical\" data-id=\"0ff11de\" data-element_type=\"column\">\n\t\t\t<div class=\"elementor-widget-wrap\">\n\t\t\t\t\t\t\t\t\t<\/div>\n\t\t<\/div>\n\t\t\t\t\t\t\t<\/div>\n\t\t<\/section>\n\t\t\t\t<section class=\"elementor-section elementor-top-section elementor-element elementor-element-245ed83 elementor-section-height-min-height ot-traditional elementor-section-boxed elementor-section-height-default elementor-section-items-middle\" data-id=\"245ed83\" data-element_type=\"section\" data-settings=\"{&quot;background_background&quot;:&quot;classic&quot;}\">\n\t\t\t\t\t\t<div class=\"elementor-container elementor-column-gap-default\">\n\t\t\t\t\t<div class=\"elementor-column elementor-col-100 elementor-top-column elementor-element elementor-element-5210b50 ot-flex-column-vertical\" data-id=\"5210b50\" data-element_type=\"column\">\n\t\t\t<div class=\"elementor-widget-wrap elementor-element-populated\">\n\t\t\t\t\t\t\t\t<div class=\"elementor-element elementor-element-bc20faa elementor-widget elementor-widget-text-editor\" data-id=\"bc20faa\" data-element_type=\"widget\" data-widget_type=\"text-editor.default\">\n\t\t\t\t<div class=\"elementor-widget-container\">\n\t\t\t<style>\/*! elementor - v3.12.2 - 23-04-2023 *\/\n.elementor-widget-text-editor.elementor-drop-cap-view-stacked .elementor-drop-cap{background-color:#69727d;color:#fff}.elementor-widget-text-editor.elementor-drop-cap-view-framed .elementor-drop-cap{color:#69727d;border:3px solid;background-color:transparent}.elementor-widget-text-editor:not(.elementor-drop-cap-view-default) .elementor-drop-cap{margin-top:8px}.elementor-widget-text-editor:not(.elementor-drop-cap-view-default) .elementor-drop-cap-letter{width:1em;height:1em}.elementor-widget-text-editor .elementor-drop-cap{float:left;text-align:center;line-height:1;font-size:50px}.elementor-widget-text-editor .elementor-drop-cap-letter{display:inline-block}<\/style>\t\t\t\t<p>P\u00e1gina Inicial\u00a0 \u00a0&gt;\u00a0 \u00a0Servi\u00e7os\u00a0 \u00a0&gt;\u00a0 \u00a0Controle de Acesso<\/p>\t\t\t\t\t\t<\/div>\n\t\t\t\t<\/div>\n\t\t\t\t\t<\/div>\n\t\t<\/div>\n\t\t\t\t\t\t\t<\/div>\n\t\t<\/section>\n\t\t\t\t<section class=\"elementor-section elementor-top-section elementor-element elementor-element-a1f5078 ot-traditional elementor-section-boxed elementor-section-height-default elementor-section-height-default\" data-id=\"a1f5078\" data-element_type=\"section\">\n\t\t\t\t\t\t<div class=\"elementor-container elementor-column-gap-default\">\n\t\t\t\t\t<div class=\"elementor-column elementor-col-100 elementor-top-column elementor-element elementor-element-d32db9e ot-flex-column-vertical\" data-id=\"d32db9e\" data-element_type=\"column\">\n\t\t\t<div class=\"elementor-widget-wrap elementor-element-populated\">\n\t\t\t\t\t\t\t\t<section class=\"elementor-section elementor-inner-section elementor-element elementor-element-ff7fbb1 ot-traditional elementor-section-boxed elementor-section-height-default elementor-section-height-default\" data-id=\"ff7fbb1\" data-element_type=\"section\">\n\t\t\t\t\t\t<div class=\"elementor-container elementor-column-gap-default\">\n\t\t\t\t\t<div class=\"elementor-column elementor-col-100 elementor-inner-column elementor-element elementor-element-ffdefda ot-flex-column-vertical\" data-id=\"ffdefda\" data-element_type=\"column\">\n\t\t\t<div class=\"elementor-widget-wrap elementor-element-populated\">\n\t\t\t\t\t\t\t\t<div class=\"elementor-element elementor-element-66b7b8c elementor-widget elementor-widget-heading\" data-id=\"66b7b8c\" data-element_type=\"widget\" data-widget_type=\"heading.default\">\n\t\t\t\t<div class=\"elementor-widget-container\">\n\t\t\t<style>\/*! elementor - v3.12.2 - 23-04-2023 *\/\n.elementor-heading-title{padding:0;margin:0;line-height:1}.elementor-widget-heading .elementor-heading-title[class*=elementor-size-]>a{color:inherit;font-size:inherit;line-height:inherit}.elementor-widget-heading .elementor-heading-title.elementor-size-small{font-size:15px}.elementor-widget-heading .elementor-heading-title.elementor-size-medium{font-size:19px}.elementor-widget-heading .elementor-heading-title.elementor-size-large{font-size:29px}.elementor-widget-heading .elementor-heading-title.elementor-size-xl{font-size:39px}.elementor-widget-heading .elementor-heading-title.elementor-size-xxl{font-size:59px}<\/style><h2 class=\"elementor-heading-title elementor-size-default\">Controle de Acesso<\/h2>\t\t<\/div>\n\t\t\t\t<\/div>\n\t\t\t\t<div class=\"elementor-element elementor-element-9b93980 elementor-widget elementor-widget-text-editor\" data-id=\"9b93980\" data-element_type=\"widget\" data-widget_type=\"text-editor.default\">\n\t\t\t\t<div class=\"elementor-widget-container\">\n\t\t\t\t\t\t\t<h3 class=\"boc_heading bgr_single \"><span style=\"color: var( --e-global-color-text ); font-family: 'Nunito Sans', sans-serif; font-weight: var( --e-global-typography-text-font-weight ); font-size: 16px;\">Trabalhamos com os principais fabricantes de catracas, torniquetes, leitores faciais com identifica\u00e7\u00e3o de m\u00e1scara e medi\u00e7\u00e3o de temperatura e desenvolvedores de sistemas de controle de acesso, para podermos ofertar aos nosso clientes diversas solu\u00e7\u00f5es que atendam empreendimentos comerciais, residenciais e industriais.<br \/>Fornecemos solu\u00e7\u00f5es com e sem fio de acordo com a infraestrutura e necessidade de cada projeto.<br \/>Al\u00e9m de vendermos os sistemas e equipamentos, tamb\u00e9m locamos para clientes que necessitem controlar os acessos de uma determinada \u00e1rea ou espa\u00e7o por um determinado per\u00edodo.<br \/>Elaboramos projetos, instalamos e configuramos seu sistema de acordo com sua necessidade, possibilitando em alguns casos a interven\u00e7\u00e3o remota e monitoramento a dist\u00e2ncia com equipamentos port\u00e1teis em tempo real.<br \/>Atendemos diversos empreendimentos comerciais e residenciais atrav\u00e9s de contratos de manuten\u00e7\u00f5es preventivas e corretivas do sistema.<\/span><\/h3>\t\t\t\t\t\t<\/div>\n\t\t\t\t<\/div>\n\t\t\t\t\t<\/div>\n\t\t<\/div>\n\t\t\t\t\t\t\t<\/div>\n\t\t<\/section>\n\t\t\t\t<section class=\"elementor-section elementor-inner-section elementor-element elementor-element-acdd0c2 ot-traditional elementor-section-boxed elementor-section-height-default elementor-section-height-default\" data-id=\"acdd0c2\" data-element_type=\"section\">\n\t\t\t\t\t\t<div class=\"elementor-container elementor-column-gap-default\">\n\t\t\t\t\t<div class=\"elementor-column elementor-col-25 elementor-inner-column elementor-element elementor-element-5df86f2 ot-column-items-center ot-flex-column-vertical\" data-id=\"5df86f2\" data-element_type=\"column\">\n\t\t\t<div class=\"elementor-widget-wrap elementor-element-populated\">\n\t\t\t\t\t\t\t\t<div class=\"elementor-element elementor-element-85882b3 elementor-widget elementor-widget-image\" data-id=\"85882b3\" data-element_type=\"widget\" data-widget_type=\"image.default\">\n\t\t\t\t<div class=\"elementor-widget-container\">\n\t\t\t<style>\/*! elementor - v3.12.2 - 23-04-2023 *\/\n.elementor-widget-image{text-align:center}.elementor-widget-image a{display:inline-block}.elementor-widget-image a img[src$=\".svg\"]{width:48px}.elementor-widget-image img{vertical-align:middle;display:inline-block}<\/style>\t\t\t\t\t\t\t\t\t\t\t\t<img loading=\"lazy\" decoding=\"async\" width=\"300\" height=\"200\" src=\"https:\/\/syscomrs.com.br\/site\/wp-content\/uploads\/2023\/05\/09-300x200-1.png\" class=\"attachment-large size-large wp-image-5313\" alt=\"\" \/>\t\t\t\t\t\t\t\t\t\t\t\t\t\t\t<\/div>\n\t\t\t\t<\/div>\n\t\t\t\t\t<\/div>\n\t\t<\/div>\n\t\t\t\t<div class=\"elementor-column elementor-col-25 elementor-inner-column elementor-element elementor-element-aaa9e25 ot-column-items-center ot-flex-column-vertical\" data-id=\"aaa9e25\" data-element_type=\"column\">\n\t\t\t<div class=\"elementor-widget-wrap elementor-element-populated\">\n\t\t\t\t\t\t\t\t<div class=\"elementor-element elementor-element-2d5e703 elementor-widget elementor-widget-image\" data-id=\"2d5e703\" data-element_type=\"widget\" data-widget_type=\"image.default\">\n\t\t\t\t<div class=\"elementor-widget-container\">\n\t\t\t\t\t\t\t\t\t\t\t\t\t\t\t<img loading=\"lazy\" decoding=\"async\" width=\"300\" height=\"200\" src=\"https:\/\/syscomrs.com.br\/site\/wp-content\/uploads\/2023\/05\/10-300x200-1.png\" class=\"attachment-large size-large wp-image-5314\" alt=\"\" \/>\t\t\t\t\t\t\t\t\t\t\t\t\t\t\t<\/div>\n\t\t\t\t<\/div>\n\t\t\t\t\t<\/div>\n\t\t<\/div>\n\t\t\t\t<div class=\"elementor-column elementor-col-25 elementor-inner-column elementor-element elementor-element-98e6b97 ot-column-items-center ot-flex-column-vertical\" data-id=\"98e6b97\" data-element_type=\"column\">\n\t\t\t<div class=\"elementor-widget-wrap elementor-element-populated\">\n\t\t\t\t\t\t\t\t<div class=\"elementor-element elementor-element-b692c1a elementor-widget elementor-widget-image\" data-id=\"b692c1a\" data-element_type=\"widget\" data-widget_type=\"image.default\">\n\t\t\t\t<div class=\"elementor-widget-container\">\n\t\t\t\t\t\t\t\t\t\t\t\t\t\t\t<img loading=\"lazy\" decoding=\"async\" width=\"300\" height=\"200\" src=\"https:\/\/syscomrs.com.br\/site\/wp-content\/uploads\/2023\/05\/11-300x200-1.png\" class=\"attachment-large size-large wp-image-5315\" alt=\"\" \/>\t\t\t\t\t\t\t\t\t\t\t\t\t\t\t<\/div>\n\t\t\t\t<\/div>\n\t\t\t\t\t<\/div>\n\t\t<\/div>\n\t\t\t\t<div class=\"elementor-column elementor-col-25 elementor-inner-column elementor-element elementor-element-b4c905e ot-column-items-center ot-flex-column-vertical\" data-id=\"b4c905e\" data-element_type=\"column\">\n\t\t\t<div class=\"elementor-widget-wrap elementor-element-populated\">\n\t\t\t\t\t\t\t\t<div class=\"elementor-element elementor-element-ae8893b elementor-widget elementor-widget-image\" data-id=\"ae8893b\" data-element_type=\"widget\" data-widget_type=\"image.default\">\n\t\t\t\t<div class=\"elementor-widget-container\">\n\t\t\t\t\t\t\t\t\t\t\t\t\t\t\t<img decoding=\"async\" src=\"https:\/\/syscomrs.com.br\/site\/wp-content\/uploads\/elementor\/thumbs\/12-300x200-1-q5uiqpjh9s7gt5vy7isdcd5dd7k5xd4t6g3ednv0bk.png\" title=\"12-300&#215;200\" alt=\"12-300x200\" loading=\"lazy\" \/>\t\t\t\t\t\t\t\t\t\t\t\t\t\t\t<\/div>\n\t\t\t\t<\/div>\n\t\t\t\t\t<\/div>\n\t\t<\/div>\n\t\t\t\t\t\t\t<\/div>\n\t\t<\/section>\n\t\t\t\t<section class=\"elementor-section elementor-inner-section elementor-element elementor-element-5eecfb0 ot-traditional elementor-section-boxed elementor-section-height-default elementor-section-height-default\" data-id=\"5eecfb0\" data-element_type=\"section\">\n\t\t\t\t\t\t<div class=\"elementor-container elementor-column-gap-default\">\n\t\t\t\t\t<div class=\"elementor-column elementor-col-25 elementor-inner-column elementor-element elementor-element-4714a4a ot-flex-column-vertical\" data-id=\"4714a4a\" data-element_type=\"column\">\n\t\t\t<div class=\"elementor-widget-wrap elementor-element-populated\">\n\t\t\t\t\t\t\t\t<div class=\"elementor-element elementor-element-1eab600 elementor-widget elementor-widget-image\" data-id=\"1eab600\" data-element_type=\"widget\" data-widget_type=\"image.default\">\n\t\t\t\t<div class=\"elementor-widget-container\">\n\t\t\t\t\t\t\t\t\t\t\t\t\t\t\t<img loading=\"lazy\" decoding=\"async\" width=\"300\" height=\"200\" src=\"https:\/\/syscomrs.com.br\/site\/wp-content\/uploads\/2023\/05\/13-300x200-1.png\" class=\"attachment-large size-large wp-image-5317\" alt=\"\" \/>\t\t\t\t\t\t\t\t\t\t\t\t\t\t\t<\/div>\n\t\t\t\t<\/div>\n\t\t\t\t\t<\/div>\n\t\t<\/div>\n\t\t\t\t<div class=\"elementor-column elementor-col-25 elementor-inner-column elementor-element elementor-element-f899754 ot-flex-column-vertical\" data-id=\"f899754\" data-element_type=\"column\">\n\t\t\t<div class=\"elementor-widget-wrap elementor-element-populated\">\n\t\t\t\t\t\t\t\t<div class=\"elementor-element elementor-element-c2fefc4 elementor-widget elementor-widget-image\" data-id=\"c2fefc4\" data-element_type=\"widget\" data-widget_type=\"image.default\">\n\t\t\t\t<div class=\"elementor-widget-container\">\n\t\t\t\t\t\t\t\t\t\t\t\t\t\t\t<img loading=\"lazy\" decoding=\"async\" width=\"300\" height=\"200\" src=\"https:\/\/syscomrs.com.br\/site\/wp-content\/uploads\/2023\/05\/14-300x200-1.png\" class=\"attachment-large size-large wp-image-5318\" alt=\"\" \/>\t\t\t\t\t\t\t\t\t\t\t\t\t\t\t<\/div>\n\t\t\t\t<\/div>\n\t\t\t\t\t<\/div>\n\t\t<\/div>\n\t\t\t\t<div class=\"elementor-column elementor-col-25 elementor-inner-column elementor-element elementor-element-61f4ceb ot-flex-column-vertical\" data-id=\"61f4ceb\" data-element_type=\"column\">\n\t\t\t<div class=\"elementor-widget-wrap elementor-element-populated\">\n\t\t\t\t\t\t\t\t<div class=\"elementor-element elementor-element-c911e2d elementor-widget elementor-widget-image\" data-id=\"c911e2d\" data-element_type=\"widget\" data-widget_type=\"image.default\">\n\t\t\t\t<div class=\"elementor-widget-container\">\n\t\t\t\t\t\t\t\t\t\t\t\t\t\t\t<img loading=\"lazy\" decoding=\"async\" width=\"300\" height=\"200\" src=\"https:\/\/syscomrs.com.br\/site\/wp-content\/uploads\/2023\/05\/27-300x200-2.png\" class=\"attachment-large size-large wp-image-5319\" alt=\"\" \/>\t\t\t\t\t\t\t\t\t\t\t\t\t\t\t<\/div>\n\t\t\t\t<\/div>\n\t\t\t\t\t<\/div>\n\t\t<\/div>\n\t\t\t\t<div class=\"elementor-column elementor-col-25 elementor-inner-column elementor-element elementor-element-6d48978 ot-flex-column-vertical\" data-id=\"6d48978\" data-element_type=\"column\">\n\t\t\t<div class=\"elementor-widget-wrap elementor-element-populated\">\n\t\t\t\t\t\t\t\t<div class=\"elementor-element elementor-element-72a881a elementor-widget elementor-widget-image\" data-id=\"72a881a\" data-element_type=\"widget\" data-widget_type=\"image.default\">\n\t\t\t\t<div class=\"elementor-widget-container\">\n\t\t\t\t\t\t\t\t\t\t\t\t\t\t\t<img loading=\"lazy\" decoding=\"async\" width=\"300\" height=\"200\" src=\"https:\/\/syscomrs.com.br\/site\/wp-content\/uploads\/2023\/05\/35-300x200-3.png\" class=\"attachment-large size-large wp-image-5320\" alt=\"\" \/>\t\t\t\t\t\t\t\t\t\t\t\t\t\t\t<\/div>\n\t\t\t\t<\/div>\n\t\t\t\t\t<\/div>\n\t\t<\/div>\n\t\t\t\t\t\t\t<\/div>\n\t\t<\/section>\n\t\t\t\t\t<\/div>\n\t\t<\/div>\n\t\t\t\t\t\t\t<\/div>\n\t\t<\/section>\n\t\t\t\t\t\t\t<\/div>\n\t\t","protected":false},"excerpt":{"rendered":"<p>P\u00e1gina Inicial\u00a0 \u00a0&gt;\u00a0 \u00a0Servi\u00e7os\u00a0 \u00a0&gt;\u00a0 \u00a0Controle de Acesso Controle de Acesso Trabalhamos com os principais fabricantes de catracas, torniquetes, leitores faciais com identifica\u00e7\u00e3o de m\u00e1scara e medi\u00e7\u00e3o de temperatura e desenvolvedores de sistemas de controle de acesso, para podermos ofertar aos nosso clientes diversas solu\u00e7\u00f5es que atendam empreendimentos comerciais, residenciais e industriais.Fornecemos solu\u00e7\u00f5es com e [&hellip;]<\/p>\n","protected":false},"author":1,"featured_media":0,"parent":5237,"menu_order":0,"comment_status":"closed","ping_status":"closed","template":"","meta":{"footnotes":""},"class_list":["post-5310","page","type-page","status-publish","hentry"],"_links":{"self":[{"href":"https:\/\/syscomrs.com.br\/site\/wp-json\/wp\/v2\/pages\/5310","targetHints":{"allow":["GET"]}}],"collection":[{"href":"https:\/\/syscomrs.com.br\/site\/wp-json\/wp\/v2\/pages"}],"about":[{"href":"https:\/\/syscomrs.com.br\/site\/wp-json\/wp\/v2\/types\/page"}],"author":[{"embeddable":true,"href":"https:\/\/syscomrs.com.br\/site\/wp-json\/wp\/v2\/users\/1"}],"replies":[{"embeddable":true,"href":"https:\/\/syscomrs.com.br\/site\/wp-json\/wp\/v2\/comments?post=5310"}],"version-history":[{"count":13,"href":"https:\/\/syscomrs.com.br\/site\/wp-json\/wp\/v2\/pages\/5310\/revisions"}],"predecessor-version":[{"id":5497,"href":"https:\/\/syscomrs.com.br\/site\/wp-json\/wp\/v2\/pages\/5310\/revisions\/5497"}],"up":[{"embeddable":true,"href":"https:\/\/syscomrs.com.br\/site\/wp-json\/wp\/v2\/pages\/5237"}],"wp:attachment":[{"href":"https:\/\/syscomrs.com.br\/site\/wp-json\/wp\/v2\/media?parent=5310"}],"curies":[{"name":"wp","href":"https:\/\/api.w.org\/{rel}","templated":true}]}}